{"id":1993,"date":"2025-07-04T08:15:10","date_gmt":"2025-07-04T06:15:10","guid":{"rendered":"https:\/\/www.schwaebische12.de\/?page_id=1993"},"modified":"2025-07-04T09:34:11","modified_gmt":"2025-07-04T07:34:11","slug":"hohes-blech","status":"publish","type":"page","link":"https:\/\/www.schwaebische12.de\/index.php\/hohes-blech\/","title":{"rendered":"Hohes Blech"},"content":{"rendered":"\n<figure class=\"wp-block-gallery has-nested-images columns-default is-cropped wp-block-gallery-1 is-layout-flex wp-block-gallery-is-layout-flex\"><\/figure>\n\n\n\n<figure class=\"wp-block-image size-large\"><a href=\"https:\/\/www.schwaebische12.de\/wp-content\/uploads\/2025\/07\/JB_06061-Kopie-2-2-1-scaled.jpg\" class=\"pretty_image\" data-rel=\"prettyPhoto[1993]\"><img loading=\"lazy\" decoding=\"async\" width=\"1024\" height=\"814\" src=\"https:\/\/www.schwaebische12.de\/wp-content\/uploads\/2025\/07\/JB_06061-Kopie-2-2-1-1024x814.jpg\" alt=\"\" class=\"wp-image-2032\" srcset=\"https:\/\/www.schwaebische12.de\/wp-content\/uploads\/2025\/07\/JB_06061-Kopie-2-2-1-1024x814.jpg 1024w, https:\/\/www.schwaebische12.de\/wp-content\/uploads\/2025\/07\/JB_06061-Kopie-2-2-1-300x238.jpg 300w, https:\/\/www.schwaebische12.de\/wp-content\/uploads\/2025\/07\/JB_06061-Kopie-2-2-1-768x610.jpg 768w, https:\/\/www.schwaebische12.de\/wp-content\/uploads\/2025\/07\/JB_06061-Kopie-2-2-1-1536x1220.jpg 1536w, https:\/\/www.schwaebische12.de\/wp-content\/uploads\/2025\/07\/JB_06061-Kopie-2-2-1-2048x1627.jpg 2048w, https:\/\/www.schwaebische12.de\/wp-content\/uploads\/2025\/07\/JB_06061-Kopie-2-2-1-900x715.jpg 900w, https:\/\/www.schwaebische12.de\/wp-content\/uploads\/2025\/07\/JB_06061-Kopie-2-2-1-600x477.jpg 600w, https:\/\/www.schwaebische12.de\/wp-content\/uploads\/2025\/07\/JB_06061-Kopie-2-2-1-400x318.jpg 400w\" sizes=\"auto, (max-width: 1024px) 100vw, 1024px\" \/><\/a><\/figure>\n\n\n\n<p>Unsere M\u00e4nner f\u00fcr die edlen und hohen T\u00f6ne &#8211; Andi, Jonas, Peter, H-J und Robert<\/p>\n","protected":false},"excerpt":{"rendered":"<p>Unsere M\u00e4nner f\u00fcr die edlen und hohen T\u00f6ne &#8211; Andi, Jonas, Peter, H-J und Robert<\/p>\n","protected":false},"author":3,"featured_media":0,"parent":0,"menu_order":0,"comment_status":"closed","ping_status":"closed","template":"","meta":{"footnotes":""},"class_list":["post-1993","page","type-page","status-publish","hentry"],"_links":{"self":[{"href":"https:\/\/www.schwaebische12.de\/index.php\/wp-json\/wp\/v2\/pages\/1993","targetHints":{"allow":["GET"]}}],"collection":[{"href":"https:\/\/www.schwaebische12.de\/index.php\/wp-json\/wp\/v2\/pages"}],"about":[{"href":"https:\/\/www.schwaebische12.de\/index.php\/wp-json\/wp\/v2\/types\/page"}],"author":[{"embeddable":true,"href":"https:\/\/www.schwaebische12.de\/index.php\/wp-json\/wp\/v2\/users\/3"}],"replies":[{"embeddable":true,"href":"https:\/\/www.schwaebische12.de\/index.php\/wp-json\/wp\/v2\/comments?post=1993"}],"version-history":[{"count":3,"href":"https:\/\/www.schwaebische12.de\/index.php\/wp-json\/wp\/v2\/pages\/1993\/revisions"}],"predecessor-version":[{"id":2033,"href":"https:\/\/www.schwaebische12.de\/index.php\/wp-json\/wp\/v2\/pages\/1993\/revisions\/2033"}],"wp:attachment":[{"href":"https:\/\/www.schwaebische12.de\/index.php\/wp-json\/wp\/v2\/media?parent=1993"}],"curies":[{"name":"wp","href":"https:\/\/api.w.org\/{rel}","templated":true}]}}