{"id":232,"date":"2015-05-20T06:42:46","date_gmt":"2015-05-20T06:42:46","guid":{"rendered":"http:\/\/www.schwaebische12.de\/?page_id=232"},"modified":"2022-07-19T09:19:45","modified_gmt":"2022-07-19T07:19:45","slug":"uber-uns-2","status":"publish","type":"page","link":"https:\/\/www.schwaebische12.de\/index.php\/uber-uns-2\/","title":{"rendered":"\u00dcber uns"},"content":{"rendered":"<p><b>B\u00a0\u00a0 L\u00a0\u00a0 A\u00a0\u00a0 S\u00a0\u00a0 M\u00a0\u00a0 U\u00a0\u00a0 S\u00a0\u00a0 I\u00a0\u00a0 K\u00a0\u00a0\u00a0\u00a0 P\u00a0\u00a0 U\u00a0\u00a0 R<\/b><\/p>\n<p>Blasmusikverr\u00fcckt und zu zw\u00f6lft waren die Gr\u00fcnder der \u201eSchw\u00e4bischen 12\u201c, als sie im Jahre 1995 den Grundstein der heutigen Blaskapelle legten. Seither wurde die Formation st\u00e4ndig durch viele begeisterte und talentierte musikalische Leiter und ihre Musikerinnen und Musiker weiterentwickelt. Unserem Motto blieben wir jedoch immer treu:<\/p>\n<p><span class=\"Apple-converted-space\">\u00a0<\/span>\u201eBlasmusik pur\u2026\u201c<\/p>\n<p>So treffen b\u00f6hmisch-m\u00e4hrisch, zeitgen\u00f6ssische Arrangements von angesagten Blasmusikbesetzungen, Solonummern oder die echten Klassiker genau unseren Geschmack. Diese zu interpretieren und f\u00fcr Sie klang- und effektvoll umzusetzen ist unser Ziel. Unser Gesangsduo sowie unsere charmanten Moderatoren runden einen Abend mit den S12 wundervoll ab. \u00dcberzeugen Sie sich selbst und besuchen Sie uns auf einem unserer zahlreichen Auftritte.<\/p>\n<p>Totale Stimmung bis zum Abwinken, das sind nicht die S12. Gute \u2013 Laune \u2013 Blasmusik auf einem \u201eTop Niveau\u201c mit solistischen Einlagen; daf\u00fcr stehen die Schw\u00e4bischen 12.<\/p>\n","protected":false},"excerpt":{"rendered":"<p>B\u00a0\u00a0 L\u00a0\u00a0 A\u00a0\u00a0 S\u00a0\u00a0 M\u00a0\u00a0 U\u00a0\u00a0 S\u00a0\u00a0 I\u00a0\u00a0 K\u00a0\u00a0\u00a0\u00a0 P\u00a0\u00a0 U\u00a0\u00a0 R Blasmusikverr\u00fcckt und zu zw\u00f6lft waren die Gr\u00fcnder der \u201eSchw\u00e4bischen 12\u201c, als sie im Jahre 1995 den Grundstein der&#8230;<\/p>\n","protected":false},"author":1,"featured_media":0,"parent":0,"menu_order":0,"comment_status":"open","ping_status":"open","template":"","meta":{"footnotes":""},"class_list":["post-232","page","type-page","status-publish","hentry"],"_links":{"self":[{"href":"https:\/\/www.schwaebische12.de\/index.php\/wp-json\/wp\/v2\/pages\/232","targetHints":{"allow":["GET"]}}],"collection":[{"href":"https:\/\/www.schwaebische12.de\/index.php\/wp-json\/wp\/v2\/pages"}],"about":[{"href":"https:\/\/www.schwaebische12.de\/index.php\/wp-json\/wp\/v2\/types\/page"}],"author":[{"embeddable":true,"href":"https:\/\/www.schwaebische12.de\/index.php\/wp-json\/wp\/v2\/users\/1"}],"replies":[{"embeddable":true,"href":"https:\/\/www.schwaebische12.de\/index.php\/wp-json\/wp\/v2\/comments?post=232"}],"version-history":[{"count":9,"href":"https:\/\/www.schwaebische12.de\/index.php\/wp-json\/wp\/v2\/pages\/232\/revisions"}],"predecessor-version":[{"id":1636,"href":"https:\/\/www.schwaebische12.de\/index.php\/wp-json\/wp\/v2\/pages\/232\/revisions\/1636"}],"wp:attachment":[{"href":"https:\/\/www.schwaebische12.de\/index.php\/wp-json\/wp\/v2\/media?parent=232"}],"curies":[{"name":"wp","href":"https:\/\/api.w.org\/{rel}","templated":true}]}}