{"id":567,"date":"2016-05-29T11:33:10","date_gmt":"2016-05-29T09:33:10","guid":{"rendered":"http:\/\/www.schwaebische12.de\/?page_id=567"},"modified":"2022-06-10T16:28:26","modified_gmt":"2022-06-10T14:28:26","slug":"warum-eigentlich-schwaebische-12","status":"publish","type":"page","link":"https:\/\/www.schwaebische12.de\/index.php\/warum-eigentlich-schwaebische-12\/","title":{"rendered":"&#8222;Warum eigentlich Schw\u00e4bische 12?&#8220;"},"content":{"rendered":"<p>&#8222;Warum hei\u00dft ihr eigentlich Schw\u00e4bische 12? Ihr seid doch viel mehr Musiker&#8230;&#8220; ist die meistgestellte Frage, die wir immer wieder bei unseren Auftritten gestellt bekommen.<\/p>\n<p>Wie inzwischen vielen Zuh\u00f6rern unserer Auftritte bekannt ist, wird immer wieder behauptet, die Gr\u00fcndungsmitglieder der Schw\u00e4bischen 12 kamen aus zw\u00f6lf verschiedenen Ortschaften.<\/p>\n<p><strong>Dies ist selbstverst\u00e4ndlich v\u00f6lliger Quatsch!<\/strong> Die richtige Erkl\u00e4rung f\u00fcr unseren Namen w\u00e4re schlicht zu zeitaufw\u00e4ndig und viel zu komplex, als dass wir dies w\u00e4hrend unserer Spielzeit erkl\u00e4ren k\u00f6nnten.<\/p>\n<p>Hier nun die Aufl\u00f6sung des R\u00e4tsels:<\/p>\n<p>Der mittlere Breitengrad der Wohnorte aller unserer Musikanten wird multipliziert mit dem durchschnittlichen Erdkr\u00fcmmungswinkel derselben.<br \/>\nDas Ergebnis dieser Rechnung nun nur noch mit dem Volumenprozent unseres Lieblingsbieres verketten sowie mit der durchschnittlichen Rohrl\u00e4nge einer normalen B-Tuba mitteln und siehe da: wie sicher nun jeder auf einfache Weise feststellen kann ergibt sich hieraus (fast) genau die Zahl <strong>12<\/strong>.<\/p>\n<p>&nbsp;<\/p>\n","protected":false},"excerpt":{"rendered":"<p>&#8222;Warum hei\u00dft ihr eigentlich Schw\u00e4bische 12? Ihr seid doch viel mehr Musiker&#8230;&#8220; ist die meistgestellte Frage, die wir immer wieder bei unseren Auftritten gestellt bekommen. Wie inzwischen vielen Zuh\u00f6rern unserer&#8230;<\/p>\n","protected":false},"author":1,"featured_media":0,"parent":0,"menu_order":0,"comment_status":"closed","ping_status":"closed","template":"","meta":{"footnotes":""},"class_list":["post-567","page","type-page","status-publish","hentry"],"_links":{"self":[{"href":"https:\/\/www.schwaebische12.de\/index.php\/wp-json\/wp\/v2\/pages\/567","targetHints":{"allow":["GET"]}}],"collection":[{"href":"https:\/\/www.schwaebische12.de\/index.php\/wp-json\/wp\/v2\/pages"}],"about":[{"href":"https:\/\/www.schwaebische12.de\/index.php\/wp-json\/wp\/v2\/types\/page"}],"author":[{"embeddable":true,"href":"https:\/\/www.schwaebische12.de\/index.php\/wp-json\/wp\/v2\/users\/1"}],"replies":[{"embeddable":true,"href":"https:\/\/www.schwaebische12.de\/index.php\/wp-json\/wp\/v2\/comments?post=567"}],"version-history":[{"count":13,"href":"https:\/\/www.schwaebische12.de\/index.php\/wp-json\/wp\/v2\/pages\/567\/revisions"}],"predecessor-version":[{"id":1773,"href":"https:\/\/www.schwaebische12.de\/index.php\/wp-json\/wp\/v2\/pages\/567\/revisions\/1773"}],"wp:attachment":[{"href":"https:\/\/www.schwaebische12.de\/index.php\/wp-json\/wp\/v2\/media?parent=567"}],"curies":[{"name":"wp","href":"https:\/\/api.w.org\/{rel}","templated":true}]}}